{"id":1561,"date":"2023-09-18T22:52:05","date_gmt":"2023-09-18T20:52:05","guid":{"rendered":"http:\/\/localhost\/tccreully\/?page_id=1561"},"modified":"2023-09-25T20:40:16","modified_gmt":"2023-09-25T18:40:16","slug":"accueil","status":"publish","type":"page","link":"https:\/\/www.tccreully.com\/?page_id=1561","title":{"rendered":"Historique"},"content":{"rendered":"\t\t<div data-elementor-type=\"wp-page\" data-elementor-id=\"1561\" class=\"elementor elementor-1561\">\n\t\t\t\t\t\t<section class=\"elementor-section elementor-top-section elementor-element elementor-element-42cab23 elementor-section-boxed elementor-section-height-default elementor-section-height-default wpr-particle-no wpr-jarallax-no wpr-parallax-no wpr-sticky-section-no\" data-id=\"42cab23\" data-element_type=\"section\" data-e-type=\"section\">\n\t\t\t\t\t\t<div class=\"elementor-container elementor-column-gap-default\">\n\t\t\t\t\t<div class=\"elementor-column elementor-col-100 elementor-top-column elementor-element elementor-element-8d89ee5\" data-id=\"8d89ee5\" data-element_type=\"column\" data-e-type=\"column\">\n\t\t\t<div class=\"elementor-widget-wrap elementor-element-populated\">\n\t\t\t\t\t\t<div class=\"elementor-element elementor-element-6468374 elementor-widget elementor-widget-heading\" data-id=\"6468374\" data-element_type=\"widget\" data-e-type=\"widget\" data-widget_type=\"heading.default\">\n\t\t\t\t<div class=\"elementor-widget-container\">\n\t\t\t\t\t<h2 class=\"elementor-heading-title elementor-size-default\">Historique<\/h2>\t\t\t\t<\/div>\n\t\t\t\t<\/div>\n\t\t\t\t\t<\/div>\n\t\t<\/div>\n\t\t\t\t\t<\/div>\n\t\t<\/section>\n\t\t\t\t<section class=\"elementor-section elementor-top-section elementor-element elementor-element-747d26a elementor-section-boxed elementor-section-height-default elementor-section-height-default wpr-particle-no wpr-jarallax-no wpr-parallax-no wpr-sticky-section-no\" data-id=\"747d26a\" data-element_type=\"section\" data-e-type=\"section\">\n\t\t\t\t\t\t<div class=\"elementor-container elementor-column-gap-default\">\n\t\t\t\t\t<div class=\"elementor-column elementor-col-33 elementor-top-column elementor-element elementor-element-aea7241\" data-id=\"aea7241\" data-element_type=\"column\" data-e-type=\"column\">\n\t\t\t<div class=\"elementor-widget-wrap\">\n\t\t\t\t\t\t\t<\/div>\n\t\t<\/div>\n\t\t\t\t<div class=\"elementor-column elementor-col-33 elementor-top-column elementor-element elementor-element-e70a9db\" data-id=\"e70a9db\" data-element_type=\"column\" data-e-type=\"column\">\n\t\t\t<div class=\"elementor-widget-wrap elementor-element-populated\">\n\t\t\t\t\t\t<div class=\"elementor-element elementor-element-66acc57 elementor-widget elementor-widget-heading\" data-id=\"66acc57\" data-element_type=\"widget\" data-e-type=\"widget\" data-widget_type=\"heading.default\">\n\t\t\t\t<div class=\"elementor-widget-container\">\n\t\t\t\t\t<h2 class=\"elementor-heading-title elementor-size-default\"><div style=\"padding-right: 1.9em;padding-left: 1.9em;border: 0px;font-size: 13.0416px;line-height: 15.6499px;font-family: Verdana, Arial, Geneva, sans-serif;vertical-align: baseline;clear: right;letter-spacing: normal\"><div style=\"border: 0px;font-style: inherit;font-variant: inherit;font-size: inherit;line-height: inherit;font-family: inherit;vertical-align: baseline\"><p style=\"margin-top: 20px;margin-bottom: 10px;border: 0px;font-style: inherit;font-variant: inherit;font-size: 1em;line-height: inherit;font-family: inherit;vertical-align: baseline\"><b>Le club a \u00e9t\u00e9 cr\u00e9\u00e9 le 3&nbsp;juillet 1984 par Emile Sabot qui en fut le pr\u00e9sident jusqu\u2019en 1992.<\/b><\/p><p style=\"margin-top: 20px;margin-bottom: 10px;border: 0px;font-style: inherit;font-variant: inherit;font-size: 1em;line-height: inherit;font-family: inherit;vertical-align: baseline\"><b style=\"font-family: inherit;font-size: 1em;font-style: inherit\">De 1992 \u00e0 1998, la pr\u00e9sidence fut assur\u00e9e par Alain Bellot.<\/b><\/p><p style=\"margin-top: 20px;margin-bottom: 10px;border: 0px;font-style: inherit;font-variant: inherit;font-size: 1em;line-height: inherit;font-family: inherit;vertical-align: baseline\"><b>De 1999 \u00e0 2022,&nbsp;<\/b><span style=\"font-family: inherit;font-size: 1em;font-style: inherit\">la pr\u00e9sidence fut assur\u00e9e par<\/span><b>&nbsp;Alain Le Mieux.<\/b><\/p><p style=\"margin-top: 20px;margin-bottom: 10px;border: 0px;font-style: inherit;font-variant: inherit;font-size: 1em;line-height: inherit;font-family: inherit;vertical-align: baseline\"><b>Depuis 2022, ce sont Christelle Carabeufs et Isabelle Plassart qui assurent la pr\u00e9sidence.<\/b><\/p><p style=\"margin-top: 20px;margin-bottom: 10px;border: 0px;font-style: inherit;font-variant: inherit;font-size: 1em;line-height: inherit;font-family: inherit;vertical-align: baseline\"><b>Le club est agr\u00e9\u00e9 \u00e0 la jeunesse et aux sports depuis le 5 mai 2000.<\/b><\/p><\/div><\/div><\/h2>\t\t\t\t<\/div>\n\t\t\t\t<\/div>\n\t\t\t\t\t<\/div>\n\t\t<\/div>\n\t\t\t\t<div class=\"elementor-column elementor-col-33 elementor-top-column elementor-element elementor-element-8257777\" data-id=\"8257777\" data-element_type=\"column\" data-e-type=\"column\">\n\t\t\t<div class=\"elementor-widget-wrap\">\n\t\t\t\t\t\t\t<\/div>\n\t\t<\/div>\n\t\t\t\t\t<\/div>\n\t\t<\/section>\n\t\t\t\t<\/div>\n\t\t","protected":false},"excerpt":{"rendered":"<p>Historique Le club a \u00e9t\u00e9 cr\u00e9\u00e9 le 3&nbsp;juillet 1984 par Emile Sabot qui en fut le pr\u00e9sident jusqu\u2019en 1992. De 1992 \u00e0 1998, la pr\u00e9sidence fut assur\u00e9e par Alain Bellot. De 1999 \u00e0 2022,&nbsp;la pr\u00e9sidence fut assur\u00e9e par&nbsp;Alain Le Mieux. Depuis 2022, ce sont Christelle Carabeufs et Isabelle Plassart qui assurent la pr\u00e9sidence. Le club est agr\u00e9\u00e9 \u00e0 la jeunesse et aux sports depuis le 5 mai 2000.<\/p>\n","protected":false},"author":1,"featured_media":0,"parent":0,"menu_order":0,"comment_status":"closed","ping_status":"closed","template":"elementor_header_footer","meta":{"site-sidebar-layout":"no-sidebar","site-content-layout":"page-builder","ast-site-content-layout":"","site-content-style":"default","site-sidebar-style":"default","ast-global-header-display":"","ast-banner-title-visibility":"","ast-main-header-display":"","ast-hfb-above-header-display":"","ast-hfb-below-header-display":"","ast-hfb-mobile-header-display":"","site-post-title":"disabled","ast-breadcrumbs-content":"","ast-featured-img":"disabled","footer-sml-layout":"","theme-transparent-header-meta":"enabled","adv-header-id-meta":"","stick-header-meta":"","header-above-stick-meta":"","header-main-stick-meta":"","header-below-stick-meta":"","astra-migrate-meta-layouts":"default","ast-page-background-enabled":"default","ast-page-background-meta":{"desktop":{"background-color":"var(--ast-global-color-4)","background-image":"","background-repeat":"repeat","background-position":"center center","background-size":"auto","background-attachment":"scroll","background-type":"","background-media":"","overlay-type":"","overlay-color":"","overlay-opacity":"","overlay-gradient":""},"tablet":{"background-color":"","background-image":"","background-repeat":"repeat","background-position":"center center","background-size":"auto","background-attachment":"scroll","background-type":"","background-media":"","overlay-type":"","overlay-color":"","overlay-opacity":"","overlay-gradient":""},"mobile":{"background-color":"","background-image":"","background-repeat":"repeat","background-position":"center center","background-size":"auto","background-attachment":"scroll","background-type":"","background-media":"","overlay-type":"","overlay-color":"","overlay-opacity":"","overlay-gradient":""}},"ast-content-background-meta":{"desktop":{"background-color":"var(--ast-global-color-5)","background-image":"","background-repeat":"repeat","background-position":"center center","background-size":"auto","background-attachment":"scroll","background-type":"","background-media":"","overlay-type":"","overlay-color":"","overlay-opacity":"","overlay-gradient":""},"tablet":{"background-color":"var(--ast-global-color-5)","background-image":"","background-repeat":"repeat","background-position":"center center","background-size":"auto","background-attachment":"scroll","background-type":"","background-media":"","overlay-type":"","overlay-color":"","overlay-opacity":"","overlay-gradient":""},"mobile":{"background-color":"var(--ast-global-color-5)","background-image":"","background-repeat":"repeat","background-position":"center center","background-size":"auto","background-attachment":"scroll","background-type":"","background-media":"","overlay-type":"","overlay-color":"","overlay-opacity":"","overlay-gradient":""}},"footnotes":""},"class_list":["post-1561","page","type-page","status-publish","hentry"],"_links":{"self":[{"href":"https:\/\/www.tccreully.com\/index.php?rest_route=\/wp\/v2\/pages\/1561","targetHints":{"allow":["GET"]}}],"collection":[{"href":"https:\/\/www.tccreully.com\/index.php?rest_route=\/wp\/v2\/pages"}],"about":[{"href":"https:\/\/www.tccreully.com\/index.php?rest_route=\/wp\/v2\/types\/page"}],"author":[{"embeddable":true,"href":"https:\/\/www.tccreully.com\/index.php?rest_route=\/wp\/v2\/users\/1"}],"replies":[{"embeddable":true,"href":"https:\/\/www.tccreully.com\/index.php?rest_route=%2Fwp%2Fv2%2Fcomments&post=1561"}],"version-history":[{"count":10,"href":"https:\/\/www.tccreully.com\/index.php?rest_route=\/wp\/v2\/pages\/1561\/revisions"}],"predecessor-version":[{"id":1808,"href":"https:\/\/www.tccreully.com\/index.php?rest_route=\/wp\/v2\/pages\/1561\/revisions\/1808"}],"wp:attachment":[{"href":"https:\/\/www.tccreully.com\/index.php?rest_route=%2Fwp%2Fv2%2Fmedia&parent=1561"}],"curies":[{"name":"wp","href":"https:\/\/api.w.org\/{rel}","templated":true}]}}