{"id":1603,"date":"2023-09-18T23:31:20","date_gmt":"2023-09-18T21:31:20","guid":{"rendered":"http:\/\/localhost\/tccreully\/?page_id=1603"},"modified":"2025-09-28T19:24:36","modified_gmt":"2025-09-28T17:24:36","slug":"les-tarifs","status":"publish","type":"page","link":"https:\/\/www.tccreully.com\/?page_id=1603","title":{"rendered":"Tarifs"},"content":{"rendered":"\t\t<div data-elementor-type=\"wp-page\" data-elementor-id=\"1603\" class=\"elementor elementor-1603\">\n\t\t\t\t\t\t<section class=\"elementor-section elementor-top-section elementor-element elementor-element-42cab23 elementor-section-boxed elementor-section-height-default elementor-section-height-default wpr-particle-no wpr-jarallax-no wpr-parallax-no wpr-sticky-section-no\" data-id=\"42cab23\" data-element_type=\"section\" data-e-type=\"section\">\n\t\t\t\t\t\t<div class=\"elementor-container elementor-column-gap-default\">\n\t\t\t\t\t<div class=\"elementor-column elementor-col-100 elementor-top-column elementor-element elementor-element-8d89ee5\" data-id=\"8d89ee5\" data-element_type=\"column\" data-e-type=\"column\">\n\t\t\t<div class=\"elementor-widget-wrap elementor-element-populated\">\n\t\t\t\t\t\t<div class=\"elementor-element elementor-element-6468374 elementor-widget elementor-widget-heading\" data-id=\"6468374\" data-element_type=\"widget\" data-e-type=\"widget\" data-widget_type=\"heading.default\">\n\t\t\t\t<div class=\"elementor-widget-container\">\n\t\t\t\t\t<h2 class=\"elementor-heading-title elementor-size-default\">Tarifs saison 2025-2026<\/h2>\t\t\t\t<\/div>\n\t\t\t\t<\/div>\n\t\t\t\t\t<\/div>\n\t\t<\/div>\n\t\t\t\t\t<\/div>\n\t\t<\/section>\n\t\t\t\t<section class=\"elementor-section elementor-top-section elementor-element elementor-element-a0e1ad7 elementor-section-full_width elementor-section-height-default elementor-section-height-default wpr-particle-no wpr-jarallax-no wpr-parallax-no wpr-sticky-section-no\" data-id=\"a0e1ad7\" data-element_type=\"section\" data-e-type=\"section\">\n\t\t\t\t\t\t<div class=\"elementor-container elementor-column-gap-default\">\n\t\t\t\t\t<div class=\"elementor-column elementor-col-100 elementor-top-column elementor-element elementor-element-c88bd51\" data-id=\"c88bd51\" data-element_type=\"column\" data-e-type=\"column\">\n\t\t\t<div class=\"elementor-widget-wrap elementor-element-populated\">\n\t\t\t\t\t\t<div class=\"elementor-element elementor-element-4165b85 elementor-widget elementor-widget-heading\" data-id=\"4165b85\" data-element_type=\"widget\" data-e-type=\"widget\" data-widget_type=\"heading.default\">\n\t\t\t\t<div class=\"elementor-widget-container\">\n\t\t\t\t\t<h2 class=\"elementor-heading-title elementor-size-default\">TOUS LES TARIFS INDIQU\u00c9S CI-DESSOUS COMPRENNENT LE PRIX DE LA LICENCE FFT<\/h2>\t\t\t\t<\/div>\n\t\t\t\t<\/div>\n\t\t\t\t\t<\/div>\n\t\t<\/div>\n\t\t\t\t\t<\/div>\n\t\t<\/section>\n\t\t\t\t<section class=\"elementor-section elementor-top-section elementor-element elementor-element-222ad38 elementor-section-boxed elementor-section-height-default elementor-section-height-default wpr-particle-no wpr-jarallax-no wpr-parallax-no wpr-sticky-section-no\" data-id=\"222ad38\" data-element_type=\"section\" data-e-type=\"section\">\n\t\t\t\t\t\t<div class=\"elementor-container elementor-column-gap-default\">\n\t\t\t\t\t<div class=\"elementor-column elementor-col-100 elementor-top-column elementor-element elementor-element-05825cc\" data-id=\"05825cc\" data-element_type=\"column\" data-e-type=\"column\">\n\t\t\t<div class=\"elementor-widget-wrap elementor-element-populated\">\n\t\t\t\t\t\t<div class=\"elementor-element elementor-element-9813170 elementor-widget elementor-widget-text-editor\" data-id=\"9813170\" data-element_type=\"widget\" data-e-type=\"widget\" data-widget_type=\"text-editor.default\">\n\t\t\t\t<div class=\"elementor-widget-container\">\n\t\t\t\t\t\t\t\t\t<p><\/p>\n<ul>\n<li><span style=\"font-size: 18px;\"><u><strong>Prix des cartes annuelles&nbsp;:<\/strong><\/u><\/span><\/li>\n<\/ul>\n<table class=\"spip\" style=\"width: 400px;\" border=\"2\" width=\"500\" cellspacing=\"1\" cellpadding=\"1\" align=\"center\">\n<tbody>\n<tr>\n<td style=\"border-color: #000000; text-align: center;\"><span style=\"font-size: 18px;\">Adulte<\/span><\/td>\n<td style=\"border-color: #000000; text-align: center;\"><span style=\"font-size: 18px;\">120 \u20ac<\/span><\/td>\n<\/tr>\n<tr>\n<td style=\"border-color: #000000; text-align: center;\"><span style=\"font-size: 18px;\">Enfant<\/span><\/td>\n<td style=\"border-color: #000000; text-align: center;\"><span style=\"font-size: 18px;\">75 \u20ac<\/span><\/td>\n<\/tr>\n<tr>\n<td style=\"border-color: #000000; text-align: center;\"><span style=\"font-size: 18px;\">Etudiant<\/span><\/td>\n<td style=\"border-color: #000000; text-align: center;\"><span style=\"font-size: 18px;\">95 \u20ac<\/span><\/td>\n<\/tr>\n<tr>\n<td style=\"border-color: #000000; text-align: center;\"><span style=\"font-size: 18px;\">Couple<\/span><\/td>\n<td style=\"border-color: #000000; text-align: center;\"><span style=\"font-size: 18px;\">200 \u20ac<\/span><\/td>\n<\/tr>\n<\/tbody>\n<\/table>\n<ul>\n<li><u><strong><span style=\"font-size: 18px;\">Invit\u00e9 tarif horaire&nbsp;:<\/span><\/strong><\/u> <span style=\"font-size: 18px;\">8 \u20ac&nbsp;&nbsp;Carnet de 5 tickets invit\u00e9s&nbsp;:&nbsp;35 \u20ac<\/span><\/li>\n<\/ul>\n<ul>\n<li><span style=\"font-size: 18px;\"><u><strong>Location horaire du court&nbsp;:<\/strong><\/u>&nbsp;20 \u20ac&nbsp;(A r\u00e9server lors de la permanence ou sur Ten\u2019up)<\/span><\/li>\n<\/ul>\n<p><span style=\"color: #e74c3c;\"><u><span style=\"font-size: 18px;\"><strong>Tarifs des cours de l\u2019\u00e9cole de tennis encadr\u00e9s par Arnaud Carabeufs, Romain Mabardi et Laure Daguet(30 le\u00e7ons)&nbsp;:<\/strong><\/span><\/u><\/span><\/p>\n<table class=\"spip\" style=\"width: 100%;\" border=\"2\" cellspacing=\"1\" cellpadding=\"2\">\n<tbody>\n<tr>\n<td style=\"border-color: #000000;\">\n<p style=\"text-align: center;\"><span style=\"font-size: 18px;\">Mini tennis<\/span><\/p>\n<p style=\"text-align: center;\"><span style=\"font-size: 18px;\">(45 minutes)<\/span><\/p>\n<p style=\"text-align: center;\"><span style=\"font-size: 18px;\">Prix&nbsp;: 115 \u20ac<\/span><\/p>\n<\/td>\n<td style=\"text-align: center; border-color: #000000;\">\n<p><span style=\"font-size: 18px;\">Ecole de tennis<\/span><\/p>\n<p><span style=\"font-size: 18px;\">(1 heure)<\/span><\/p>\n<p><span style=\"font-size: 18px;\">Prix&nbsp;: 140 \u20ac<\/span><\/p>\n<\/td>\n<td style=\"border-color: #000000;\">\n<p style=\"text-align: center;\"><span style=\"font-size: 18px;\">Entrainement<\/span><\/p>\n<p style=\"text-align: center;\"><span style=\"font-size: 18px;\">Jeunes<\/span><\/p>\n<p style=\"text-align: center;\"><span style=\"font-size: 18px;\">(1 heure 30)<\/span><\/p>\n<p style=\"text-align: center;\"><span style=\"font-size: 18px;\">Prix&nbsp;: 170 \u20ac<\/span><\/p>\n<\/td>\n<\/tr>\n<tr>\n<td style=\"text-align: center; border-color: #000000;\" colspan=\"3\">&nbsp;<\/td>\n<\/tr>\n<tr>\n<td style=\"border-color: #000000;\">\n<p style=\"text-align: center;\"><span style=\"font-size: 18px;\">Adultes loisirs<\/span><\/p>\n<p style=\"text-align: center;\"><span style=\"font-size: 18px;\">(1 heure)<\/span><\/p>\n<p style=\"text-align: center;\"><span style=\"font-size: 18px;\">Prix&nbsp;: 150 \u20ac<\/span><\/p>\n<\/td>\n<td style=\"border-color: #000000;\">\n<p style=\"text-align: center;\"><span style=\"font-size: 18px;\">Entrainement&nbsp;<\/span><\/p>\n<p style=\"text-align: center;\"><span style=\"font-size: 18px;\">Adultes&nbsp;<\/span><\/p>\n<p style=\"text-align: center;\"><span style=\"font-size: 18px;\">(1 heure 15)<\/span><\/p>\n<p style=\"text-align: center;\"><span style=\"font-size: 18px;\">Prix&nbsp;: 175 \u20ac<\/span><\/p>\n<\/td>\n<td style=\"border-color: #000000;\">\n<p style=\"text-align: center;\"><span style=\"font-size: 18px;\">Entrainement<\/span><\/p>\n<p style=\"text-align: center;\"><span style=\"font-size: 18px;\">Adultes<\/span><\/p>\n<p style=\"text-align: center;\"><span style=\"font-size: 18px;\">(1 heure 30)<\/span><\/p>\n<p style=\"text-align: center;\"><span style=\"font-size: 18px;\">Prix&nbsp;: 200 \u20ac<\/span><\/p>\n<\/td>\n<\/tr>\n<\/tbody>\n<\/table>\t\t\t\t\t\t\t\t<\/div>\n\t\t\t\t<\/div>\n\t\t\t\t\t<\/div>\n\t\t<\/div>\n\t\t\t\t\t<\/div>\n\t\t<\/section>\n\t\t\t\t<\/div>\n\t\t","protected":false},"excerpt":{"rendered":"<p>Tarifs saison 2025-2026 TOUS LES TARIFS INDIQU\u00c9S CI-DESSOUS COMPRENNENT LE PRIX DE LA LICENCE FFT Prix des cartes annuelles&nbsp;: Adulte 120 \u20ac Enfant 75 \u20ac Etudiant 95 \u20ac Couple 200 \u20ac Invit\u00e9 tarif horaire&nbsp;: 8 \u20ac&nbsp;&nbsp;Carnet de 5 tickets invit\u00e9s&nbsp;:&nbsp;35 \u20ac Location horaire du court&nbsp;:&nbsp;20 \u20ac&nbsp;(A r\u00e9server lors de la permanence ou sur Ten\u2019up) Tarifs des cours de l\u2019\u00e9cole de tennis encadr\u00e9s par Arnaud Carabeufs, Romain Mabardi et Laure Daguet(30 le\u00e7ons)&nbsp;: Mini tennis (45 minutes) Prix&nbsp;: 115 \u20ac Ecole de tennis (1 heure) Prix&nbsp;: 140 \u20ac Entrainement Jeunes (1 heure 30) Prix&nbsp;: 170 \u20ac &nbsp; Adultes loisirs (1 heure) Prix&nbsp;: 150 \u20ac Entrainement&nbsp; Adultes&nbsp; (1 heure 15) Prix&nbsp;: 175 \u20ac Entrainement Adultes (1 heure 30) Prix&nbsp;: 200 \u20ac<\/p>\n","protected":false},"author":1,"featured_media":0,"parent":0,"menu_order":0,"comment_status":"closed","ping_status":"closed","template":"elementor_header_footer","meta":{"site-sidebar-layout":"no-sidebar","site-content-layout":"page-builder","ast-site-content-layout":"","site-content-style":"default","site-sidebar-style":"default","ast-global-header-display":"","ast-banner-title-visibility":"","ast-main-header-display":"","ast-hfb-above-header-display":"","ast-hfb-below-header-display":"","ast-hfb-mobile-header-display":"","site-post-title":"disabled","ast-breadcrumbs-content":"","ast-featured-img":"disabled","footer-sml-layout":"","theme-transparent-header-meta":"enabled","adv-header-id-meta":"","stick-header-meta":"","header-above-stick-meta":"","header-main-stick-meta":"","header-below-stick-meta":"","astra-migrate-meta-layouts":"default","ast-page-background-enabled":"default","ast-page-background-meta":{"desktop":{"background-color":"var(--ast-global-color-4)","background-image":"","background-repeat":"repeat","background-position":"center center","background-size":"auto","background-attachment":"scroll","background-type":"","background-media":"","overlay-type":"","overlay-color":"","overlay-opacity":"","overlay-gradient":""},"tablet":{"background-color":"","background-image":"","background-repeat":"repeat","background-position":"center center","background-size":"auto","background-attachment":"scroll","background-type":"","background-media":"","overlay-type":"","overlay-color":"","overlay-opacity":"","overlay-gradient":""},"mobile":{"background-color":"","background-image":"","background-repeat":"repeat","background-position":"center center","background-size":"auto","background-attachment":"scroll","background-type":"","background-media":"","overlay-type":"","overlay-color":"","overlay-opacity":"","overlay-gradient":""}},"ast-content-background-meta":{"desktop":{"background-color":"var(--ast-global-color-5)","background-image":"","background-repeat":"repeat","background-position":"center center","background-size":"auto","background-attachment":"scroll","background-type":"","background-media":"","overlay-type":"","overlay-color":"","overlay-opacity":"","overlay-gradient":""},"tablet":{"background-color":"var(--ast-global-color-5)","background-image":"","background-repeat":"repeat","background-position":"center center","background-size":"auto","background-attachment":"scroll","background-type":"","background-media":"","overlay-type":"","overlay-color":"","overlay-opacity":"","overlay-gradient":""},"mobile":{"background-color":"var(--ast-global-color-5)","background-image":"","background-repeat":"repeat","background-position":"center center","background-size":"auto","background-attachment":"scroll","background-type":"","background-media":"","overlay-type":"","overlay-color":"","overlay-opacity":"","overlay-gradient":""}},"footnotes":""},"class_list":["post-1603","page","type-page","status-publish","hentry"],"_links":{"self":[{"href":"https:\/\/www.tccreully.com\/index.php?rest_route=\/wp\/v2\/pages\/1603","targetHints":{"allow":["GET"]}}],"collection":[{"href":"https:\/\/www.tccreully.com\/index.php?rest_route=\/wp\/v2\/pages"}],"about":[{"href":"https:\/\/www.tccreully.com\/index.php?rest_route=\/wp\/v2\/types\/page"}],"author":[{"embeddable":true,"href":"https:\/\/www.tccreully.com\/index.php?rest_route=\/wp\/v2\/users\/1"}],"replies":[{"embeddable":true,"href":"https:\/\/www.tccreully.com\/index.php?rest_route=%2Fwp%2Fv2%2Fcomments&post=1603"}],"version-history":[{"count":15,"href":"https:\/\/www.tccreully.com\/index.php?rest_route=\/wp\/v2\/pages\/1603\/revisions"}],"predecessor-version":[{"id":3491,"href":"https:\/\/www.tccreully.com\/index.php?rest_route=\/wp\/v2\/pages\/1603\/revisions\/3491"}],"wp:attachment":[{"href":"https:\/\/www.tccreully.com\/index.php?rest_route=%2Fwp%2Fv2%2Fmedia&parent=1603"}],"curies":[{"name":"wp","href":"https:\/\/api.w.org\/{rel}","templated":true}]}}