{"id":1759,"date":"2025-05-26T09:57:20","date_gmt":"2025-05-26T07:57:20","guid":{"rendered":"https:\/\/www.tccreully.com\/?page_id=1759"},"modified":"2025-05-26T09:57:20","modified_gmt":"2025-05-26T07:57:20","slug":"seniors-2023","status":"publish","type":"page","link":"https:\/\/www.tccreully.com\/?page_id=1759","title":{"rendered":"S\u00e9niors 2025"},"content":{"rendered":"\t\t<div data-elementor-type=\"wp-page\" data-elementor-id=\"1759\" class=\"elementor elementor-1759\">\n\t\t\t\t\t\t<section class=\"elementor-section elementor-top-section elementor-element elementor-element-43d89c7 elementor-section-boxed elementor-section-height-default elementor-section-height-default wpr-particle-no wpr-jarallax-no wpr-parallax-no wpr-sticky-section-no\" data-id=\"43d89c7\" data-element_type=\"section\" data-e-type=\"section\">\n\t\t\t\t\t\t<div class=\"elementor-container elementor-column-gap-default\">\n\t\t\t\t\t<div class=\"elementor-column elementor-col-100 elementor-top-column elementor-element elementor-element-f42407a\" data-id=\"f42407a\" data-element_type=\"column\" data-e-type=\"column\">\n\t\t\t<div class=\"elementor-widget-wrap elementor-element-populated\">\n\t\t\t\t\t\t<div class=\"elementor-element elementor-element-fd61cf6 wpr-grid-columns-1 wpr-grid-columns--tablet2 wpr-grid-columns--mobile1 wpr-grid-pagination-center wpr-item-styles-inner elementor-widget elementor-widget-wpr-grid\" data-id=\"fd61cf6\" data-element_type=\"widget\" data-e-type=\"widget\" data-widget_type=\"wpr-grid.default\">\n\t\t\t\t<div class=\"elementor-widget-container\">\n\t\t\t\t\t<ul class=\"wpr-grid-filters elementor-clearfix wpr-grid-filters-sep-right\"><li class=\" wpr-pointer-none wpr-pointer-line-fx wpr-pointer-fx-none\"><span  data-filter=\"*\" class=\"wpr-grid-filters-item wpr-active-filter \">All Posts<\/span><em class=\"wpr-grid-filters-sep\"><\/em><\/li><li class=\" wpr-pointer-none wpr-pointer-line-fx wpr-pointer-fx-none\"><span   data-ajax-filter=[\"category\",\"actualites\"]  data-filter=\".category-actualites\">Actualit\u00e9s<\/span><em class=\"wpr-grid-filters-sep\"><\/em><\/li><li class=\" wpr-pointer-none wpr-pointer-line-fx wpr-pointer-fx-none\"><span   data-ajax-filter=[\"category\",\"animations\"]  data-filter=\".category-animations\">Animations<\/span><em class=\"wpr-grid-filters-sep\"><\/em><\/li><li class=\" wpr-pointer-none wpr-pointer-line-fx wpr-pointer-fx-none\"><span   data-ajax-filter=[\"category\",\"competitions\"]  data-filter=\".category-competitions\">Comp\u00e9titions<\/span><em class=\"wpr-grid-filters-sep\"><\/em><\/li><li class=\" wpr-pointer-none wpr-pointer-line-fx wpr-pointer-fx-none\"><span   data-ajax-filter=[\"category\",\"non-classe\"]  data-filter=\".category-non-classe\">Non class\u00e9<\/span><em class=\"wpr-grid-filters-sep\"><\/em><\/li><li class=\" wpr-pointer-none wpr-pointer-line-fx wpr-pointer-fx-none\"><span   data-ajax-filter=[\"category\",\"partenaires\"]  data-filter=\".category-partenaires\">Partenaires<\/span><em class=\"wpr-grid-filters-sep\"><\/em><\/li><li class=\" wpr-pointer-none wpr-pointer-line-fx wpr-pointer-fx-none\"><span   data-ajax-filter=[\"category\",\"presse\"]  data-filter=\".category-presse\">Presse<\/span><em class=\"wpr-grid-filters-sep\"><\/em><\/li><\/ul><section class=\"wpr-grid elementor-clearfix\" data-settings=\"{&quot;layout&quot;:&quot;list&quot;,&quot;stick_last_element_to_bottom&quot;:&quot;no&quot;,&quot;columns_desktop&quot;:&quot;1&quot;,&quot;gutter_hr&quot;:15,&quot;gutter_hr_mobile&quot;:15,&quot;gutter_hr_mobile_extra&quot;:15,&quot;gutter_hr_tablet&quot;:15,&quot;gutter_hr_tablet_extra&quot;:15,&quot;gutter_hr_laptop&quot;:15,&quot;gutter_hr_widescreen&quot;:15,&quot;gutter_vr&quot;:15,&quot;gutter_vr_mobile&quot;:15,&quot;gutter_vr_mobile_extra&quot;:15,&quot;gutter_vr_tablet&quot;:15,&quot;gutter_vr_tablet_extra&quot;:15,&quot;gutter_vr_laptop&quot;:15,&quot;gutter_vr_widescreen&quot;:15,&quot;animation&quot;:&quot;default&quot;,&quot;animation_duration&quot;:0.3,&quot;animation_delay&quot;:0.1,&quot;deeplinking&quot;:&quot;&quot;,&quot;filters_linkable&quot;:&quot;no&quot;,&quot;filters_default_filter&quot;:&quot;&quot;,&quot;filters_count&quot;:&quot;&quot;,&quot;filters_hide_empty&quot;:&quot;no&quot;,&quot;filters_animation&quot;:&quot;default&quot;,&quot;filters_animation_duration&quot;:0.3,&quot;filters_animation_delay&quot;:0.1,&quot;pagination_type&quot;:&quot;load-more&quot;,&quot;pagination_max_pages&quot;:1,&quot;media_align&quot;:&quot;left&quot;,&quot;media_width&quot;:30,&quot;media_distance&quot;:20,&quot;lightbox&quot;:{&quot;selector&quot;:&quot;.wpr-grid-image-wrap&quot;,&quot;iframeMaxWidth&quot;:&quot;60%&quot;,&quot;hash&quot;:false,&quot;autoplay&quot;:&quot;true&quot;,&quot;pause&quot;:5000,&quot;progressBar&quot;:&quot;true&quot;,&quot;counter&quot;:&quot;true&quot;,&quot;controls&quot;:&quot;true&quot;,&quot;getCaptionFromTitleOrAlt&quot;:&quot;true&quot;,&quot;thumbnail&quot;:&quot;&quot;,&quot;showThumbByDefault&quot;:&quot;&quot;,&quot;share&quot;:&quot;&quot;,&quot;zoom&quot;:&quot;true&quot;,&quot;fullScreen&quot;:&quot;true&quot;,&quot;download&quot;:&quot;true&quot;}}\" data-advanced-filters=\"no\"><article class=\"wpr-grid-item elementor-clearfix post-3363 post type-post status-publish format-standard has-post-thumbnail hentry category-competitions\"><div class=\"wpr-grid-item-inner\"><div class=\"wpr-grid-media-wrap wpr-effect-size-medium \" data-overlay-link=\"yes\"><div class=\"wpr-grid-image-wrap\" data-src=\"https:\/\/www.tccreully.com\/wp-content\/uploads\/elementor\/thumbs\/photo-interieur-gymnase-r5gm9lasdoxh2idn71nuhydorxr1hfo2rk8zliaahs.webp\" data-img-on-hover=\"\"  data-src-secondary=\"\"><img decoding=\"async\" data-no-lazy=\"1\" src=\"https:\/\/www.tccreully.com\/wp-content\/uploads\/elementor\/thumbs\/photo-interieur-gymnase-r5gm9lasdoxh2idn71nuhydorxr1hfo2rk8zliaahs.webp\" alt=\"Bilan 6\u00e8me journ\u00e9e: (dimanche 25\/05)\" class=\"wpr-anim-timing-ease-default\"><\/div><div class=\"wpr-grid-media-hover wpr-animation-wrap\"><div class=\"wpr-grid-media-hover-bg  wpr-overlay-fade-in wpr-anim-size-large wpr-anim-timing-ease-default wpr-anim-transparency\" data-url=\"https:\/\/www.tccreully.com\/?p=3363\"><\/div><\/div><\/div><div class=\"wpr-grid-item-below-content elementor-clearfix\"><h2 class=\"wpr-grid-item-title elementor-repeater-item-44f1979 wpr-grid-item-display-block wpr-grid-item-align-left wpr-pointer-none wpr-pointer-line-fx wpr-pointer-fx-fade\"><div class=\"inner-block\"><a target=\"_self\"  href=\"https:\/\/www.tccreully.com\/?p=3363\">Bilan 6\u00e8me journ\u00e9e: (dimanche 25\/05)<\/a><\/div><\/h2><div class=\"wpr-grid-item-date elementor-repeater-item-2699e13 wpr-grid-item-display-inline wpr-grid-item-align-left\"><div class=\"inner-block\"><span>26 mai 2025<span class=\"wpr-grid-extra-text-right\">\/<\/span><\/span><\/div><\/div><div class=\"wpr-grid-item-comments elementor-repeater-item-e5601f0 wpr-grid-item-display-inline wpr-grid-item-align-left\"><div class=\"inner-block\"><a href=\"https:\/\/www.tccreully.com\/?p=3363#respond\"><span>No Comments<\/span><\/a><\/div><\/div><div class=\"wpr-grid-item-excerpt elementor-repeater-item-bdd9dcf wpr-grid-item-display-block wpr-grid-item-align-left\"><div class=\"inner-block\"><p>Championnats par \u00e9quipes s\u00e9niors : 6\u00e8me journ\u00e9e: (dimanche 25\/05) DIRECTION PRE-NATIONALL&rsquo;exploit est de taille et historique! Gr\u00e2ce \u00e0 une 6\u00e8...<\/p><\/div><\/div><div class=\"wpr-grid-item-read-more elementor-repeater-item-a23f6ff wpr-grid-item-display-block wpr-grid-item-align-left\"><div class=\"inner-block\"><a target=\"_self\" href=\"https:\/\/www.tccreully.com\/?p=3363\" class=\"wpr-button-effect wpr-button-none\"><span>Read More<\/span><\/a><\/div><\/div><\/div><\/div><\/article><article class=\"wpr-grid-item elementor-clearfix post-3343 post type-post status-publish format-standard has-post-thumbnail hentry category-competitions\"><div class=\"wpr-grid-item-inner\"><div class=\"wpr-grid-media-wrap wpr-effect-size-medium \" data-overlay-link=\"yes\"><div class=\"wpr-grid-image-wrap\" data-src=\"https:\/\/www.tccreully.com\/wp-content\/uploads\/elementor\/thumbs\/photo-interieur-gymnase-r5gm9lasdoxh2idn71nuhydorxr1hfo2rk8zliaahs.webp\" data-img-on-hover=\"\"  data-src-secondary=\"\"><img decoding=\"async\" data-no-lazy=\"1\" src=\"https:\/\/www.tccreully.com\/wp-content\/uploads\/elementor\/thumbs\/photo-interieur-gymnase-r5gm9lasdoxh2idn71nuhydorxr1hfo2rk8zliaahs.webp\" alt=\"Bilan 5\u00e8me journ\u00e9e: (dimanche 18\/05)\" class=\"wpr-anim-timing-ease-default\"><\/div><div class=\"wpr-grid-media-hover wpr-animation-wrap\"><div class=\"wpr-grid-media-hover-bg  wpr-overlay-fade-in wpr-anim-size-large wpr-anim-timing-ease-default wpr-anim-transparency\" data-url=\"https:\/\/www.tccreully.com\/?p=3343\"><\/div><\/div><\/div><div class=\"wpr-grid-item-below-content elementor-clearfix\"><h2 class=\"wpr-grid-item-title elementor-repeater-item-44f1979 wpr-grid-item-display-block wpr-grid-item-align-left wpr-pointer-none wpr-pointer-line-fx wpr-pointer-fx-fade\"><div class=\"inner-block\"><a target=\"_self\"  href=\"https:\/\/www.tccreully.com\/?p=3343\">Bilan 5\u00e8me journ\u00e9e: (dimanche 18\/05)<\/a><\/div><\/h2><div class=\"wpr-grid-item-date elementor-repeater-item-2699e13 wpr-grid-item-display-inline wpr-grid-item-align-left\"><div class=\"inner-block\"><span>19 mai 2025<span class=\"wpr-grid-extra-text-right\">\/<\/span><\/span><\/div><\/div><div class=\"wpr-grid-item-comments elementor-repeater-item-e5601f0 wpr-grid-item-display-inline wpr-grid-item-align-left\"><div class=\"inner-block\"><a href=\"https:\/\/www.tccreully.com\/?p=3343#respond\"><span>No Comments<\/span><\/a><\/div><\/div><div class=\"wpr-grid-item-excerpt elementor-repeater-item-bdd9dcf wpr-grid-item-display-block wpr-grid-item-align-left\"><div class=\"inner-block\"><p>Championnats par \u00e9quipes s\u00e9niors : 5\u00e8me journ\u00e9e: (dimanche 18\/05) TEncore un super bilan\u00a0toujours le m\u00eame\u00a06 victoires-3 d\u00e9faites comme lors des...<\/p><\/div><\/div><div class=\"wpr-grid-item-read-more elementor-repeater-item-a23f6ff wpr-grid-item-display-block wpr-grid-item-align-left\"><div class=\"inner-block\"><a target=\"_self\" href=\"https:\/\/www.tccreully.com\/?p=3343\" class=\"wpr-button-effect wpr-button-none\"><span>Read More<\/span><\/a><\/div><\/div><\/div><\/div><\/article><article class=\"wpr-grid-item elementor-clearfix post-3308 post type-post status-publish format-standard has-post-thumbnail hentry category-competitions\"><div class=\"wpr-grid-item-inner\"><div class=\"wpr-grid-media-wrap wpr-effect-size-medium \" data-overlay-link=\"yes\"><div class=\"wpr-grid-image-wrap\" data-src=\"https:\/\/www.tccreully.com\/wp-content\/uploads\/elementor\/thumbs\/photo-interieur-gymnase-r5gm9lasdoxh2idn71nuhydorxr1hfo2rk8zliaahs.webp\" data-img-on-hover=\"\"  data-src-secondary=\"\"><img decoding=\"async\" data-no-lazy=\"1\" src=\"https:\/\/www.tccreully.com\/wp-content\/uploads\/elementor\/thumbs\/photo-interieur-gymnase-r5gm9lasdoxh2idn71nuhydorxr1hfo2rk8zliaahs.webp\" alt=\"S\u00e9niors: Bilan 4\u00e8me journ\u00e9e: (dimanche 11\/05)\" class=\"wpr-anim-timing-ease-default\"><\/div><div class=\"wpr-grid-media-hover wpr-animation-wrap\"><div class=\"wpr-grid-media-hover-bg  wpr-overlay-fade-in wpr-anim-size-large wpr-anim-timing-ease-default wpr-anim-transparency\" data-url=\"https:\/\/www.tccreully.com\/?p=3308\"><\/div><\/div><\/div><div class=\"wpr-grid-item-below-content elementor-clearfix\"><h2 class=\"wpr-grid-item-title elementor-repeater-item-44f1979 wpr-grid-item-display-block wpr-grid-item-align-left wpr-pointer-none wpr-pointer-line-fx wpr-pointer-fx-fade\"><div class=\"inner-block\"><a target=\"_self\"  href=\"https:\/\/www.tccreully.com\/?p=3308\">S\u00e9niors: Bilan 4\u00e8me journ\u00e9e: (dimanche 11\/05)<\/a><\/div><\/h2><div class=\"wpr-grid-item-date elementor-repeater-item-2699e13 wpr-grid-item-display-inline wpr-grid-item-align-left\"><div class=\"inner-block\"><span>7 mai 2025<span class=\"wpr-grid-extra-text-right\">\/<\/span><\/span><\/div><\/div><div class=\"wpr-grid-item-comments elementor-repeater-item-e5601f0 wpr-grid-item-display-inline wpr-grid-item-align-left\"><div class=\"inner-block\"><a href=\"https:\/\/www.tccreully.com\/?p=3308#respond\"><span>No Comments<\/span><\/a><\/div><\/div><div class=\"wpr-grid-item-excerpt elementor-repeater-item-bdd9dcf wpr-grid-item-display-block wpr-grid-item-align-left\"><div class=\"inner-block\"><p>Championnats par \u00e9quipes s\u00e9niors : 4\u00e8me journ\u00e9e: (dimanche 11\/05) Toujours aussi positif\u00a06 victoires-3 d\u00e9faites comme lors des 3 premi\u00e8res journ\u00e9es\u00a02\u00e8...<\/p><\/div><\/div><div class=\"wpr-grid-item-read-more elementor-repeater-item-a23f6ff wpr-grid-item-display-block wpr-grid-item-align-left\"><div class=\"inner-block\"><a target=\"_self\" href=\"https:\/\/www.tccreully.com\/?p=3308\" class=\"wpr-button-effect wpr-button-none\"><span>Read More<\/span><\/a><\/div><\/div><\/div><\/div><\/article><article class=\"wpr-grid-item elementor-clearfix post-3296 post type-post status-publish format-standard has-post-thumbnail hentry category-competitions\"><div class=\"wpr-grid-item-inner\"><div class=\"wpr-grid-media-wrap wpr-effect-size-medium \" data-overlay-link=\"yes\"><div class=\"wpr-grid-image-wrap\" data-src=\"https:\/\/www.tccreully.com\/wp-content\/uploads\/elementor\/thumbs\/Match_week-qxe7ble0zbtpxgf4cl3j8mqn0gzrsr3w9fqcf1p02o.jpg\" data-img-on-hover=\"\"  data-src-secondary=\"\"><img decoding=\"async\" data-no-lazy=\"1\" src=\"https:\/\/www.tccreully.com\/wp-content\/uploads\/elementor\/thumbs\/Match_week-qxe7ble0zbtpxgf4cl3j8mqn0gzrsr3w9fqcf1p02o.jpg\" alt=\"S\u00e9niors: 3\u00e8me journ\u00e9e: (dimanche 4\/05)\" class=\"wpr-anim-timing-ease-default\"><\/div><div class=\"wpr-grid-media-hover wpr-animation-wrap\"><div class=\"wpr-grid-media-hover-bg  wpr-overlay-fade-in wpr-anim-size-large wpr-anim-timing-ease-default wpr-anim-transparency\" data-url=\"https:\/\/www.tccreully.com\/?p=3296\"><\/div><\/div><\/div><div class=\"wpr-grid-item-below-content elementor-clearfix\"><h2 class=\"wpr-grid-item-title elementor-repeater-item-44f1979 wpr-grid-item-display-block wpr-grid-item-align-left wpr-pointer-none wpr-pointer-line-fx wpr-pointer-fx-fade\"><div class=\"inner-block\"><a target=\"_self\"  href=\"https:\/\/www.tccreully.com\/?p=3296\">S\u00e9niors: 3\u00e8me journ\u00e9e: (dimanche 4\/05)<\/a><\/div><\/h2><div class=\"wpr-grid-item-date elementor-repeater-item-2699e13 wpr-grid-item-display-inline wpr-grid-item-align-left\"><div class=\"inner-block\"><span>5 mai 2025<span class=\"wpr-grid-extra-text-right\">\/<\/span><\/span><\/div><\/div><div class=\"wpr-grid-item-comments elementor-repeater-item-e5601f0 wpr-grid-item-display-inline wpr-grid-item-align-left\"><div class=\"inner-block\"><a href=\"https:\/\/www.tccreully.com\/?p=3296#respond\"><span>No Comments<\/span><\/a><\/div><\/div><div class=\"wpr-grid-item-excerpt elementor-repeater-item-bdd9dcf wpr-grid-item-display-block wpr-grid-item-align-left\"><div class=\"inner-block\"><p>Championnats par \u00e9quipes s\u00e9niors : 3\u00e8me journ\u00e9e: (dimanche 4\/05) Toujours une tr\u00e8s belle r\u00e9ussite pour nos \u00e9quipes: comme pour les...<\/p><\/div><\/div><div class=\"wpr-grid-item-read-more elementor-repeater-item-a23f6ff wpr-grid-item-display-block wpr-grid-item-align-left\"><div class=\"inner-block\"><a target=\"_self\" href=\"https:\/\/www.tccreully.com\/?p=3296\" class=\"wpr-button-effect wpr-button-none\"><span>Read More<\/span><\/a><\/div><\/div><\/div><\/div><\/article><article class=\"wpr-grid-item elementor-clearfix post-3249 post type-post status-publish format-standard has-post-thumbnail hentry category-competitions\"><div class=\"wpr-grid-item-inner\"><div class=\"wpr-grid-media-wrap wpr-effect-size-medium \" data-overlay-link=\"yes\"><div class=\"wpr-grid-image-wrap\" data-src=\"https:\/\/www.tccreully.com\/wp-content\/uploads\/elementor\/thumbs\/Match_week-qxe7ble0zbtpxgf4cl3j8mqn0gzrsr3w9fqcf1p02o.jpg\" data-img-on-hover=\"\"  data-src-secondary=\"\"><img decoding=\"async\" data-no-lazy=\"1\" src=\"https:\/\/www.tccreully.com\/wp-content\/uploads\/elementor\/thumbs\/Match_week-qxe7ble0zbtpxgf4cl3j8mqn0gzrsr3w9fqcf1p02o.jpg\" alt=\"S\u00e9niors: 1\u00e8re journ\u00e9e: (dimanche 6\/04)\" class=\"wpr-anim-timing-ease-default\"><\/div><div class=\"wpr-grid-media-hover wpr-animation-wrap\"><div class=\"wpr-grid-media-hover-bg  wpr-overlay-fade-in wpr-anim-size-large wpr-anim-timing-ease-default wpr-anim-transparency\" data-url=\"https:\/\/www.tccreully.com\/?p=3249\"><\/div><\/div><\/div><div class=\"wpr-grid-item-below-content elementor-clearfix\"><h2 class=\"wpr-grid-item-title elementor-repeater-item-44f1979 wpr-grid-item-display-block wpr-grid-item-align-left wpr-pointer-none wpr-pointer-line-fx wpr-pointer-fx-fade\"><div class=\"inner-block\"><a target=\"_self\"  href=\"https:\/\/www.tccreully.com\/?p=3249\">S\u00e9niors: 1\u00e8re journ\u00e9e: (dimanche 6\/04)<\/a><\/div><\/h2><div class=\"wpr-grid-item-date elementor-repeater-item-2699e13 wpr-grid-item-display-inline wpr-grid-item-align-left\"><div class=\"inner-block\"><span>7 avril 2025<span class=\"wpr-grid-extra-text-right\">\/<\/span><\/span><\/div><\/div><div class=\"wpr-grid-item-comments elementor-repeater-item-e5601f0 wpr-grid-item-display-inline wpr-grid-item-align-left\"><div class=\"inner-block\"><a href=\"https:\/\/www.tccreully.com\/?p=3249#respond\"><span>No Comments<\/span><\/a><\/div><\/div><div class=\"wpr-grid-item-excerpt elementor-repeater-item-bdd9dcf wpr-grid-item-display-block wpr-grid-item-align-left\"><div class=\"inner-block\"><p>Championnats par \u00e9quipes s\u00e9niors : 1\u00e8re journ\u00e9e: (dimanche 6\/04) Un tr\u00e8s bon d\u00e9part: 6 victoires-3 d\u00e9faitesDes victoires \u00e0 l&rsquo;arrach\u00e9, des...<\/p><\/div><\/div><div class=\"wpr-grid-item-read-more elementor-repeater-item-a23f6ff wpr-grid-item-display-block wpr-grid-item-align-left\"><div class=\"inner-block\"><a target=\"_self\" href=\"https:\/\/www.tccreully.com\/?p=3249\" class=\"wpr-button-effect wpr-button-none\"><span>Read More<\/span><\/a><\/div><\/div><\/div><\/div><\/article><\/section>\t\t\t\t<\/div>\n\t\t\t\t<\/div>\n\t\t\t\t\t<\/div>\n\t\t<\/div>\n\t\t\t\t\t<\/div>\n\t\t<\/section>\n\t\t\t\t<\/div>\n\t\t","protected":false},"excerpt":{"rendered":"<p>All Posts Actualit\u00e9s Animations Comp\u00e9titions Non class\u00e9 Partenaires Presse Bilan 6\u00e8me journ\u00e9e: (dimanche 25\/05) 26 mai 2025\/No Comments Championnats par \u00e9quipes s\u00e9niors : 6\u00e8me journ\u00e9e: (dimanche 25\/05) DIRECTION PRE-NATIONALL&rsquo;exploit est de taille et historique! Gr\u00e2ce \u00e0 une 6\u00e8&#8230; Read More Bilan 5\u00e8me journ\u00e9e: (dimanche 18\/05) 19 mai 2025\/No Comments Championnats par \u00e9quipes s\u00e9niors : 5\u00e8me journ\u00e9e: (dimanche 18\/05) TEncore un super bilan\u00a0toujours le m\u00eame\u00a06 victoires-3 d\u00e9faites comme lors des&#8230; Read More S\u00e9niors: Bilan 4\u00e8me journ\u00e9e: (dimanche 11\/05) 7 mai 2025\/No Comments Championnats par \u00e9quipes s\u00e9niors : 4\u00e8me journ\u00e9e: (dimanche 11\/05) Toujours aussi positif\u00a06 victoires-3 d\u00e9faites comme lors des 3 premi\u00e8res journ\u00e9es\u00a02\u00e8&#8230; Read More S\u00e9niors: 3\u00e8me journ\u00e9e: (dimanche 4\/05) 5 mai 2025\/No Comments Championnats par \u00e9quipes s\u00e9niors : 3\u00e8me journ\u00e9e: (dimanche 4\/05) Toujours une tr\u00e8s belle r\u00e9ussite pour nos \u00e9quipes: comme pour les&#8230; Read More S\u00e9niors: 2\u00e8me journ\u00e9e: (dimanche 27\/04) 28 avril 2025\/No Comments Championnats par \u00e9quipes s\u00e9niors : 2\u00e8me journ\u00e9e: (dimanche 27\/04) Encore une superbe journ\u00e9e pour nos \u00e9quipes: 6 victoires-3 d\u00e9faites\u00a0Un joli&#8230; Read More Load More End of Content.<\/p>\n","protected":false},"author":1,"featured_media":0,"parent":0,"menu_order":0,"comment_status":"closed","ping_status":"closed","template":"","meta":{"site-sidebar-layout":"no-sidebar","site-content-layout":"page-builder","ast-site-content-layout":"full-width-container","site-content-style":"default","site-sidebar-style":"default","ast-global-header-display":"","ast-banner-title-visibility":"","ast-main-header-display":"","ast-hfb-above-header-display":"","ast-hfb-below-header-display":"","ast-hfb-mobile-header-display":"","site-post-title":"disabled","ast-breadcrumbs-content":"","ast-featured-img":"disabled","footer-sml-layout":"","theme-transparent-header-meta":"","adv-header-id-meta":"","stick-header-meta":"","header-above-stick-meta":"","header-main-stick-meta":"","header-below-stick-meta":"","astra-migrate-meta-layouts":"set","ast-page-background-enabled":"default","ast-page-background-meta":{"desktop":{"background-color":"var(--ast-global-color-4)","background-image":"","background-repeat":"repeat","background-position":"center center","background-size":"auto","background-attachment":"scroll","background-type":"","background-media":"","overlay-type":"","overlay-color":"","overlay-opacity":"","overlay-gradient":""},"tablet":{"background-color":"","background-image":"","background-repeat":"repeat","background-position":"center center","background-size":"auto","background-attachment":"scroll","background-type":"","background-media":"","overlay-type":"","overlay-color":"","overlay-opacity":"","overlay-gradient":""},"mobile":{"background-color":"","background-image":"","background-repeat":"repeat","background-position":"center center","background-size":"auto","background-attachment":"scroll","background-type":"","background-media":"","overlay-type":"","overlay-color":"","overlay-opacity":"","overlay-gradient":""}},"ast-content-background-meta":{"desktop":{"background-color":"var(--ast-global-color-5)","background-image":"","background-repeat":"repeat","background-position":"center center","background-size":"auto","background-attachment":"scroll","background-type":"","background-media":"","overlay-type":"","overlay-color":"","overlay-opacity":"","overlay-gradient":""},"tablet":{"background-color":"var(--ast-global-color-5)","background-image":"","background-repeat":"repeat","background-position":"center center","background-size":"auto","background-attachment":"scroll","background-type":"","background-media":"","overlay-type":"","overlay-color":"","overlay-opacity":"","overlay-gradient":""},"mobile":{"background-color":"var(--ast-global-color-5)","background-image":"","background-repeat":"repeat","background-position":"center center","background-size":"auto","background-attachment":"scroll","background-type":"","background-media":"","overlay-type":"","overlay-color":"","overlay-opacity":"","overlay-gradient":""}},"footnotes":""},"class_list":["post-1759","page","type-page","status-publish","hentry"],"_links":{"self":[{"href":"https:\/\/www.tccreully.com\/index.php?rest_route=\/wp\/v2\/pages\/1759","targetHints":{"allow":["GET"]}}],"collection":[{"href":"https:\/\/www.tccreully.com\/index.php?rest_route=\/wp\/v2\/pages"}],"about":[{"href":"https:\/\/www.tccreully.com\/index.php?rest_route=\/wp\/v2\/types\/page"}],"author":[{"embeddable":true,"href":"https:\/\/www.tccreully.com\/index.php?rest_route=\/wp\/v2\/users\/1"}],"replies":[{"embeddable":true,"href":"https:\/\/www.tccreully.com\/index.php?rest_route=%2Fwp%2Fv2%2Fcomments&post=1759"}],"version-history":[{"count":19,"href":"https:\/\/www.tccreully.com\/index.php?rest_route=\/wp\/v2\/pages\/1759\/revisions"}],"predecessor-version":[{"id":3370,"href":"https:\/\/www.tccreully.com\/index.php?rest_route=\/wp\/v2\/pages\/1759\/revisions\/3370"}],"wp:attachment":[{"href":"https:\/\/www.tccreully.com\/index.php?rest_route=%2Fwp%2Fv2%2Fmedia&parent=1759"}],"curies":[{"name":"wp","href":"https:\/\/api.w.org\/{rel}","templated":true}]}}